{"id":706,"date":"2018-05-21T14:43:22","date_gmt":"2018-05-21T17:43:22","guid":{"rendered":"http:\/\/bivipsi.org\/?page_id=706\/"},"modified":"2026-04-20T16:18:05","modified_gmt":"2026-04-20T19:18:05","slug":"comite","status":"publish","type":"page","link":"https:\/\/bivipsi.org\/pt-br\/comite\/","title":{"rendered":"Comit\u00ea"},"content":{"rendered":"<div class=\"wpb-content-wrapper\"><p>[vc_row][vc_column el_class=&#8221;central&#8221;][vc_column_text el_class=&#8221;titulo&#8221;]<\/p>\n<h1>COMIT\u00c9<\/h1>\n<p>[\/vc_column_text][\/vc_column][\/vc_row][vc_row][vc_column][\/vc_column][\/vc_row][vc_row][vc_column][vc_separator color=&#8221;black&#8221; align=&#8221;align_left&#8221; style=&#8221;dotted&#8221; css=&#8221;.vc_custom_1512508515022{margin-top: 0px !important;margin-right: 20px !important;margin-left: 5px !important;}&#8221;][\/vc_column][\/vc_row][vc_row equal_height=&#8221;yes&#8221; css=&#8221;.vc_custom_1510837204479{padding-right: 15px !important;padding-left: 15px !important;}&#8221;][vc_column width=&#8221;1\/3&#8243; el_class=&#8221;coordinador&#8221;][vc_single_image image=&#8221;16415&#8243; img_size=&#8221;full&#8221;][vc_column_text]<\/p>\n<h4>Sandra Gehling Bertoldi<\/h4>\n<p>Diretor<\/p>\n<p>(Pelotas \u2013 Brasil)<\/p>\n<p><a href=\"mailto:sandrabertoldi@yahoo.com.br\">sandrabertoldi@yahoo.com.br<\/a>[\/vc_column_text][\/vc_column][\/vc_row][vc_row equal_height=&#8221;yes&#8221; css=&#8221;.vc_custom_1510837204479{padding-right: 15px !important;padding-left: 15px !important;}&#8221;][vc_column width=&#8221;1\/3&#8243; el_class=&#8221;coordinador&#8221;][vc_single_image image=&#8221;18284&#8243; img_size=&#8221;full&#8221;][vc_column_text]<\/p>\n<h4>Denise Salom\u00e3o Goldfajn<\/h4>\n<p>(S\u00e3o Paulo &#8211; Brasil)<\/p>\n<p>Representante Regi\u00e3o Central<\/p>\n<p><a href=\"mailto:dsgoldfajn@gmail.com\" target=\"_blank\" rel=\"noopener\">dsgoldfajn@gmail.com<\/a>[\/vc_column_text][\/vc_column][vc_column width=&#8221;1\/3&#8243; el_class=&#8221;coordinador&#8221;][vc_single_image image=&#8221;18282&#8243; img_size=&#8221;full&#8221;][vc_column_text]<\/p>\n<h4 class=\"iw\"><strong><span class=\"qu\" tabindex=\"-1\" role=\"gridcell\" translate=\"no\"><span class=\"gD\" data-hovercard-id=\"selblan68@hotmail.com\" data-hovercard-owner-id=\"20\">Selene Beltr\u00e1n Sotelo<\/span><\/span><\/strong><\/h4>\n<p>(Ciudad de M\u00e9xico)<\/p>\n<p>Representante Regi\u00e3o Norte<\/p>\n<p>elblan68@hotmail.com[\/vc_column_text][\/vc_column][vc_column width=&#8221;1\/3&#8243; el_class=&#8221;coordinador&#8221;][vc_single_image image=&#8221;18264&#8243; img_size=&#8221;full&#8221; css=&#8221;&#8221;][vc_column_text css=&#8221;&#8221;]<\/p>\n<h4 class=\"iw\"><strong><span class=\"qu\" tabindex=\"-1\" role=\"gridcell\" translate=\"no\"><span class=\"gD\" data-hovercard-id=\"selblan68@hotmail.com\" data-hovercard-owner-id=\"20\">Mar\u00eda Laura Franck<\/span><\/span><\/strong><\/h4>\n<p>(C\u00f3rdoba-Argentina)<\/p>\n<p>Representante Regi\u00e3o Sul<\/p>\n<p><a href=\"mailto:mlaurafrank@gmail.com\">mlaurafrank@gmail.com<\/a>[\/vc_column_text][\/vc_column][\/vc_row][vc_row equal_height=&#8221;yes&#8221; css=&#8221;.vc_custom_1510837204479{padding-right: 15px !important;padding-left: 15px !important;}&#8221;][vc_column width=&#8221;1\/3&#8243; el_class=&#8221;coordinador&#8221;][vc_single_image image=&#8221;18280&#8243; img_size=&#8221;full&#8221;][vc_column_text]<\/p>\n<h4 class=\"iw\"><span class=\"qu\" tabindex=\"-1\" role=\"gridcell\" translate=\"no\"><span class=\"gD\" data-hovercard-id=\"solange.larocca@gmail.com\" data-hovercard-owner-id=\"119\">Carmen Maldonado\u00a0<\/span><\/span><\/h4>\n<p>(Guadalajara &#8211; M\u00e9xico)<\/p>\n<p>Comunica\u00e7\u00e3o<\/p>\n<p><a href=\"mailto:psic.carmenmaldonado@gmail.com\">psic.carmenmaldonado@gmail.com<\/a>[\/vc_column_text][\/vc_column][\/vc_row][vc_row equal_height=&#8221;yes&#8221; css=&#8221;.vc_custom_1510837204479{padding-right: 15px !important;padding-left: 15px !important;}&#8221;][vc_column width=&#8221;1\/3&#8243; el_class=&#8221;coordinador&#8221;][vc_single_image image=&#8221;18281&#8243; img_size=&#8221;full&#8221;][vc_column_text]<\/p>\n<h4>Adri\u00e1n Hern\u00e1ndez<\/h4>\n<p>Bibliotec\u00e1rio &#8211; Administrador<\/p>\n<p>(Buenos Aires &#8211; Argentina)<\/p>\n<p><a href=\"mailto:administrador@bivipsi.org\">administrador@bivipsi.org<\/a>[\/vc_column_text][\/vc_column][\/vc_row]<\/p>\n<\/div>","protected":false},"excerpt":{"rendered":"<p>[vc_row][vc_column el_class=&#8221;central&#8221;][vc_column_text el_class=&#8221;titulo&#8221;] COMIT\u00c9 [\/vc_column_text][\/vc_column][\/vc_row][vc_row][vc_column][\/vc_column][\/vc_row][vc_row][vc_column][vc_separator color=&#8221;black&#8221; align=&#8221;align_left&#8221; style=&#8221;dotted&#8221; css=&#8221;.vc_custom_1512508515022{margin-top: 0px !important;margin-right: 20px !important;margin-left: 5px !important;}&#8221;][\/vc_column][\/vc_row][vc_row equal_height=&#8221;yes&#8221; css=&#8221;.vc_custom_1510837204479{padding-right: 15px !important;padding-left: 15px !important;}&#8221;][vc_column width=&#8221;1\/3&#8243; el_class=&#8221;coordinador&#8221;][vc_single_image image=&#8221;16415&#8243; img_size=&#8221;full&#8221;][vc_column_text] Sandra Gehling Bertoldi Diretor (Pelotas \u2013 Brasil) sandrabertoldi@yahoo.com.br[\/vc_column_text][\/vc_column][\/vc_row][vc_row equal_height=&#8221;yes&#8221; css=&#8221;.vc_custom_1510837204479{padding-right: 15px !important;padding-left: 15px !important;}&#8221;][vc_column width=&#8221;1\/3&#8243; el_class=&#8221;coordinador&#8221;][vc_single_image image=&#8221;18284&#8243; img_size=&#8221;full&#8221;][vc_column_text] Denise Salom\u00e3o Goldfajn (S\u00e3o Paulo &#8211; Brasil) Representante Regi\u00e3o Central dsgoldfajn@gmail.com[\/vc_column_text][\/vc_column][vc_column width=&#8221;1\/3&#8243; [&hellip;]<\/p>\n","protected":false},"author":2,"featured_media":0,"parent":702,"menu_order":0,"comment_status":"closed","ping_status":"closed","template":"","meta":{"footnotes":""},"categories":[],"tags":[],"class_list":["post-706","page","type-page","status-publish","hentry"],"_links":{"self":[{"href":"https:\/\/bivipsi.org\/pt-br\/wp-json\/wp\/v2\/pages\/706","targetHints":{"allow":["GET"]}}],"collection":[{"href":"https:\/\/bivipsi.org\/pt-br\/wp-json\/wp\/v2\/pages"}],"about":[{"href":"https:\/\/bivipsi.org\/pt-br\/wp-json\/wp\/v2\/types\/page"}],"author":[{"embeddable":true,"href":"https:\/\/bivipsi.org\/pt-br\/wp-json\/wp\/v2\/users\/2"}],"replies":[{"embeddable":true,"href":"https:\/\/bivipsi.org\/pt-br\/wp-json\/wp\/v2\/comments?post=706"}],"version-history":[{"count":4,"href":"https:\/\/bivipsi.org\/pt-br\/wp-json\/wp\/v2\/pages\/706\/revisions"}],"predecessor-version":[{"id":18286,"href":"https:\/\/bivipsi.org\/pt-br\/wp-json\/wp\/v2\/pages\/706\/revisions\/18286"}],"up":[{"embeddable":true,"href":"https:\/\/bivipsi.org\/pt-br\/wp-json\/wp\/v2\/pages\/702"}],"wp:attachment":[{"href":"https:\/\/bivipsi.org\/pt-br\/wp-json\/wp\/v2\/media?parent=706"}],"wp:term":[{"taxonomy":"category","embeddable":true,"href":"https:\/\/bivipsi.org\/pt-br\/wp-json\/wp\/v2\/categories?post=706"},{"taxonomy":"post_tag","embeddable":true,"href":"https:\/\/bivipsi.org\/pt-br\/wp-json\/wp\/v2\/tags?post=706"}],"curies":[{"name":"wp","href":"https:\/\/api.w.org\/{rel}","templated":true}]}}