{"id":710,"date":"2018-07-06T15:18:15","date_gmt":"2018-07-06T18:18:15","guid":{"rendered":"http:\/\/bivipsi.org\/?page_id=710\/"},"modified":"2018-07-26T17:10:51","modified_gmt":"2018-07-26T20:10:51","slug":"como-fazer-parte","status":"publish","type":"page","link":"https:\/\/bivipsi.org\/pt-br\/como-fazer-parte\/","title":{"rendered":"Como fazer parte"},"content":{"rendered":"<div class=\"wpb-content-wrapper\"><p>[vc_row][vc_column width=&#8221;2\/3&#8243; el_class=&#8221;central&#8221;][vc_column_text el_class=&#8221;titulo&#8221;]<\/p>\n<h1>COMO FAZER PARTE<\/h1>\n<p>[\/vc_column_text][vc_column_text el_class=&#8221;intro&#8221;]As condi\u00e7\u00f5es para tornar-se um Cooperante de nossa Biblioteca Virtual s\u00e3o bastante simples, podem ser implementadas de forma r\u00e1pida e sem custo financeiro.[\/vc_column_text][vc_column_text]<strong>Como integrar-se \u00e0 Biblioteca Virtual de Psican\u00e1lise<\/strong><\/p>\n<p>A integra\u00e7\u00e3o das Publica\u00e7\u00f5es de revistas ou institui\u00e7\u00f5es cooperantes segue os passos descritos abaixo:<\/p>\n<p>&#8211; Assinatura do Contrato entre BiViPsi e a Institui\u00e7\u00e3o ou Revista Cooperante \u2013 Este Contrato \u00e9 especialmente implementado para que a Institui\u00e7\u00e3o \/ Revista garanta ser o deposit\u00e1rio dos direitos autorais das Publica\u00e7\u00f5es integradas \u00e0 BiviPsi. \u00c9 uma conven\u00e7\u00e3o simples e n\u00e3o requer quaisquer direitos de exclusividade por BiViPsi. Assim os artigos disponibilizados no portal da BiViPsi ficam absolutamente livres para futuras publica\u00e7\u00f5es em qualquer outro tipo de m\u00eddia ou publica\u00e7\u00f5es, impressas ou digitais.<\/p>\n<p>&#8211; Ap\u00f3s a assinatura do Contrato, a Institui\u00e7\u00e3o ou Revista envia os arquivos digitais de suas Publica\u00e7\u00f5es em formato PDF para a BiViPsi, por email.<\/p>\n<p>&#8211; A partir da assinatura do Contrato a BiViPsi d\u00e1 in\u00edcio ao trabalho de cataloga\u00e7\u00e3o e integra\u00e7\u00e3o das novas publica\u00e7\u00f5es, hospedando os arquivos digitais no servidor BiViPsi e gerando registros bibliogr\u00e1ficos\u00a0com links para os textos completos \/ full text de cada um dos livros \/ artigos de revistas.[\/vc_column_text][\/vc_column][vc_column width=&#8221;1\/3&#8243; el_class=&#8221;lateral&#8221;][vc_column_text]<\/p>\n<h2>Requisitos para tornar-se um cooperante<\/h2>\n<p>Ser um Editor de Publica\u00e7\u00f5es de Psican\u00e1lise e afins<\/p>\n<p>Permitir o acesso livre e aberto aos textos completos de suas publica\u00e7\u00f5es<\/p>\n<h2>Consultas<\/h2>\n<p><a href=\"mailto:administrador@bivipsi.org\" rel=\"noopener\">administrador@bivipsi.org<\/a>[\/vc_column_text][\/vc_column][\/vc_row]<\/p>\n<\/div>","protected":false},"excerpt":{"rendered":"<p>[vc_row][vc_column width=&#8221;2\/3&#8243; el_class=&#8221;central&#8221;][vc_column_text el_class=&#8221;titulo&#8221;] COMO FAZER PARTE [\/vc_column_text][vc_column_text el_class=&#8221;intro&#8221;]As condi\u00e7\u00f5es para tornar-se um Cooperante de nossa Biblioteca Virtual s\u00e3o bastante simples, podem ser implementadas de forma r\u00e1pida e sem custo financeiro.[\/vc_column_text][vc_column_text]Como integrar-se \u00e0 Biblioteca Virtual de Psican\u00e1lise A integra\u00e7\u00e3o das Publica\u00e7\u00f5es de revistas ou institui\u00e7\u00f5es cooperantes segue os passos descritos abaixo: &#8211; Assinatura do Contrato [&hellip;]<\/p>\n","protected":false},"author":2,"featured_media":0,"parent":702,"menu_order":0,"comment_status":"closed","ping_status":"closed","template":"","meta":{"footnotes":""},"categories":[],"tags":[],"class_list":["post-710","page","type-page","status-publish","hentry"],"_links":{"self":[{"href":"https:\/\/bivipsi.org\/pt-br\/wp-json\/wp\/v2\/pages\/710","targetHints":{"allow":["GET"]}}],"collection":[{"href":"https:\/\/bivipsi.org\/pt-br\/wp-json\/wp\/v2\/pages"}],"about":[{"href":"https:\/\/bivipsi.org\/pt-br\/wp-json\/wp\/v2\/types\/page"}],"author":[{"embeddable":true,"href":"https:\/\/bivipsi.org\/pt-br\/wp-json\/wp\/v2\/users\/2"}],"replies":[{"embeddable":true,"href":"https:\/\/bivipsi.org\/pt-br\/wp-json\/wp\/v2\/comments?post=710"}],"version-history":[{"count":3,"href":"https:\/\/bivipsi.org\/pt-br\/wp-json\/wp\/v2\/pages\/710\/revisions"}],"predecessor-version":[{"id":1224,"href":"https:\/\/bivipsi.org\/pt-br\/wp-json\/wp\/v2\/pages\/710\/revisions\/1224"}],"up":[{"embeddable":true,"href":"https:\/\/bivipsi.org\/pt-br\/wp-json\/wp\/v2\/pages\/702"}],"wp:attachment":[{"href":"https:\/\/bivipsi.org\/pt-br\/wp-json\/wp\/v2\/media?parent=710"}],"wp:term":[{"taxonomy":"category","embeddable":true,"href":"https:\/\/bivipsi.org\/pt-br\/wp-json\/wp\/v2\/categories?post=710"},{"taxonomy":"post_tag","embeddable":true,"href":"https:\/\/bivipsi.org\/pt-br\/wp-json\/wp\/v2\/tags?post=710"}],"curies":[{"name":"wp","href":"https:\/\/api.w.org\/{rel}","templated":true}]}}