{"id":714,"date":"2018-07-06T15:38:43","date_gmt":"2018-07-06T18:38:43","guid":{"rendered":"http:\/\/bivipsi.org\/?page_id=714\/"},"modified":"2018-08-16T12:42:59","modified_gmt":"2018-08-16T15:42:59","slug":"apresentacao","status":"publish","type":"page","link":"https:\/\/bivipsi.org\/pt-br\/apresentacao\/","title":{"rendered":"Apresenta\u00e7\u00e3o"},"content":{"rendered":"<div class=\"wpb-content-wrapper\"><p>[vc_row][vc_column width=&#8221;2\/3&#8243; el_class=&#8221;central&#8221;][vc_column_text el_class=&#8221;titulo&#8221;]<\/p>\n<h1>APRESENTA\u00c7\u00c3O<\/h1>\n<p>[\/vc_column_text][vc_column_text el_class=&#8221;intro&#8221;]A Biblioteca Virtual de Psican\u00e1lise (BiViPsi) \u00e9 um portal tem\u00e1tico, especializado em Psican\u00e1lise, que disponibiliza aos usu\u00e1rios o acesso livre e gratuito a seu conte\u00fado, seus produtos e servi\u00e7os. Constitui-se como importante mem\u00f3ria centralizada da literatura psicanal\u00edtica internacional, permitindo trocas entre diversos campos da cultura e da comunidade.[\/vc_column_text][vc_column_text]A BiViPsi integra um banco de dados projetado para preservar e divulgar a produ\u00e7\u00e3o cient\u00edfica das institui\u00e7\u00f5es pertencentes \u00e0 Federa\u00e7\u00e3o Latino-Americana de Psican\u00e1lise (Fepal) e \u00e0 Associa\u00e7\u00e3o Psicanal\u00edtica Internacional (IPA). Tamb\u00e9m incorpora e divulga as publica\u00e7\u00f5es de outras publica\u00e7\u00f5es do campo psicanal\u00edtico n\u00e3o pertencentes a estas institui\u00e7\u00f5es.<br \/>\n\u00c9 tamb\u00e9m a \u00fanica Biblioteca Virtual em Sa\u00fade (BVS) da Argentina e uma das primeiras na Am\u00e9rica Latina a implementar o aplicativo conhecido por iAHx para a recupera\u00e7\u00e3o de resultados de pesquisa. \u00c9 uma interface desenvolvida pela BIREME \/ OPAS \/ OMS que apresenta registros bibliogr\u00e1ficos de forma integrada, individualizada, tipificada e ordenada por diferentes crit\u00e9rios. Deste modo, oferece muitas funcionalidades como a inclus\u00e3o de filtros para restringir a pesquisa, a organiza\u00e7\u00e3o dos resultados por relev\u00e2ncia, ano de publica\u00e7\u00e3o, idioma e op\u00e7\u00f5es de exporta\u00e7\u00e3o por correio eletr\u00f4nico, entre outras.<\/p>\n<p>Permite as seguintes opera\u00e7\u00f5es online:<\/p>\n<p>&gt;&gt; Pesquisas no banco de dados.<br \/>\n&gt;&gt; Acesso a textos completos.<br \/>\n&gt;&gt; Links para institui\u00e7\u00f5es afins.<br \/>\n&gt;&gt; Consulte o bibliotec\u00e1rio<\/p>\n<p>Todas essas caracter\u00edsticas tornam a BiViPsi uma ferramenta altamente relevante para estudantes e pesquisadores no campo da Psican\u00e1lise e \u00e1reas afins.[\/vc_column_text][\/vc_column][vc_column width=&#8221;1\/3&#8243; el_class=&#8221;lateral&#8221;][vc_column_text]<\/p>\n<h2>Resenha hist\u00f3rica<\/h2>\n<p>Desde 2002, quando teve in\u00edcio a Biblioteca Virtual, temos trabalhado, de forma ininterrupta, com uma equipe multidisciplinar constitu\u00edda por psicanalistas, bibliotec\u00e1rios e t\u00e9cnicos em inform\u00e1tica pertencentes \u00e0s institui\u00e7\u00f5es da Fepal &#8211; IPA.<\/p>\n<p>Em 2005, a Associa\u00e7\u00e3o Psicanal\u00edtica Internacional (IPA) nos concedeu seu patroc\u00ednio e um subs\u00eddio por meio do programa Developing Psychoanalytical Practice and Training (DPPT).<\/p>\n<p>A colabora\u00e7\u00e3o e o assessoramento t\u00e9cnico inicial recebidos da OPAS, por meio do programa da BVS em Buenos Aires, tamb\u00e9m foram essenciais para a realiza\u00e7\u00e3o do projeto.<\/p>\n<p>Durante o ano de 2006, o site da BiViPsi foi inaugurado, sendo reconhecido pela Organiza\u00e7\u00e3o Pan-Americana da Sa\u00fade (OPAS) como Biblioteca Virtual Tem\u00e1tica.<\/p>\n<p>Desde 2017, a BiViPsi tornou-se Biblioteca Virtual Internacional, com a inten\u00e7\u00e3o de estender as fronteiras dos nossos conte\u00fados para al\u00e9m do campo regional latino-americano, integrando \u00e0 nossa base de dados as publica\u00e7\u00f5es de Institui\u00e7\u00f5es IPA e firmando conv\u00eanios com institui\u00e7\u00f5es e editoras externas, a n\u00edvel internacional.[\/vc_column_text][\/vc_column][\/vc_row]<\/p>\n<\/div>","protected":false},"excerpt":{"rendered":"<p>[vc_row][vc_column width=&#8221;2\/3&#8243; el_class=&#8221;central&#8221;][vc_column_text el_class=&#8221;titulo&#8221;] APRESENTA\u00c7\u00c3O [\/vc_column_text][vc_column_text el_class=&#8221;intro&#8221;]A Biblioteca Virtual de Psican\u00e1lise (BiViPsi) \u00e9 um portal tem\u00e1tico, especializado em Psican\u00e1lise, que disponibiliza aos usu\u00e1rios o acesso livre e gratuito a seu conte\u00fado, seus produtos e servi\u00e7os. Constitui-se como importante mem\u00f3ria centralizada da literatura psicanal\u00edtica internacional, permitindo trocas entre diversos campos da cultura e da comunidade.[\/vc_column_text][vc_column_text]A BiViPsi [&hellip;]<\/p>\n","protected":false},"author":2,"featured_media":0,"parent":702,"menu_order":0,"comment_status":"closed","ping_status":"closed","template":"","meta":{"footnotes":""},"categories":[],"tags":[],"class_list":["post-714","page","type-page","status-publish","hentry"],"_links":{"self":[{"href":"https:\/\/bivipsi.org\/pt-br\/wp-json\/wp\/v2\/pages\/714","targetHints":{"allow":["GET"]}}],"collection":[{"href":"https:\/\/bivipsi.org\/pt-br\/wp-json\/wp\/v2\/pages"}],"about":[{"href":"https:\/\/bivipsi.org\/pt-br\/wp-json\/wp\/v2\/types\/page"}],"author":[{"embeddable":true,"href":"https:\/\/bivipsi.org\/pt-br\/wp-json\/wp\/v2\/users\/2"}],"replies":[{"embeddable":true,"href":"https:\/\/bivipsi.org\/pt-br\/wp-json\/wp\/v2\/comments?post=714"}],"version-history":[{"count":3,"href":"https:\/\/bivipsi.org\/pt-br\/wp-json\/wp\/v2\/pages\/714\/revisions"}],"predecessor-version":[{"id":1313,"href":"https:\/\/bivipsi.org\/pt-br\/wp-json\/wp\/v2\/pages\/714\/revisions\/1313"}],"up":[{"embeddable":true,"href":"https:\/\/bivipsi.org\/pt-br\/wp-json\/wp\/v2\/pages\/702"}],"wp:attachment":[{"href":"https:\/\/bivipsi.org\/pt-br\/wp-json\/wp\/v2\/media?parent=714"}],"wp:term":[{"taxonomy":"category","embeddable":true,"href":"https:\/\/bivipsi.org\/pt-br\/wp-json\/wp\/v2\/categories?post=714"},{"taxonomy":"post_tag","embeddable":true,"href":"https:\/\/bivipsi.org\/pt-br\/wp-json\/wp\/v2\/tags?post=714"}],"curies":[{"name":"wp","href":"https:\/\/api.w.org\/{rel}","templated":true}]}}