{"id":722,"date":"2018-05-21T14:46:12","date_gmt":"2018-05-21T17:46:12","guid":{"rendered":"http:\/\/bivipsi.org\/?page_id=722\/"},"modified":"2025-03-20T15:33:34","modified_gmt":"2025-03-20T18:33:34","slug":"tesauro-de-psicanalise","status":"publish","type":"page","link":"https:\/\/bivipsi.org\/pt-br\/tesauro-de-psicanalise\/","title":{"rendered":"Tesauro de Psican\u00e1lise"},"content":{"rendered":"<div class=\"wpb-content-wrapper\"><p>[vc_row][vc_column width=&#8221;2\/3&#8243; el_class=&#8221;central&#8221;][vc_column_text el_class=&#8221;titulo&#8221;]<\/p>\n<h1>TESAURO DE PSICAN\u00c1LISE<\/h1>\n<p>[\/vc_column_text][vc_column_text el_class=&#8221;intro&#8221;]A BiViPsi disponibiliza aos usu\u00e1rios, em uma vers\u00e3o bil\u00edngue, a lista alfab\u00e9tica das palavras-chaves do Tesauro de Psican\u00e1lise.[\/vc_column_text][vc_column_text]Por que utilizar o \u00edndice de termos psicanal\u00edticos (palavras-chave) para pesquisar?<\/p>\n<p>Seu uso permite encontrar os termos (palavras-chave) que sintetizem adequadamente os documentos, facilitando sua localiza\u00e7\u00e3o no banco de dados. Constitui uma ponte entre o interesse espec\u00edfico do leitor e a terminologia do autor.<\/p>\n<p>A ambiguidade da linguagem, as m\u00faltiplas abordagens de uma disciplina, seu crescimento cont\u00ednuo e o aprofundamento dos temas criam a necessidade de uma linguagem comum que permita a compreens\u00e3o e a comunica\u00e7\u00e3o.<\/p>\n<p>A lista de termos psicanal\u00edticos que oferecemos pertence ao Tesauro da Associa\u00e7\u00e3o Psicanal\u00edtica Argentina, que preparou e editou a primeira vers\u00e3o do Tesauro de Psican\u00e1lise em 1990, e continua atualizando-a at\u00e9 hoje.<\/p>\n<p>\u00c9 o \u00fanico \u00edndice de termos psicanal\u00edticos (Tesauro) de Psican\u00e1lise. Foi adquirido por muitas institui\u00e7\u00f5es da Am\u00e9rica Latina e da Espanha, que o utilizam para indexar seus peri\u00f3dicos e seus bancos de dados.[\/vc_column_text][\/vc_column][vc_column width=&#8221;1\/3&#8243; el_class=&#8221;lateral&#8221;][vc_column_text]<\/p>\n<h2>O Tesauro na BiViPsi<\/h2>\n<p><a href=\"https:\/\/bivipsi.org\/wp-content\/uploads\/2018-tesauro-es-por.pdf\" target=\"_blank\" rel=\"noopener\">Lista alfab\u00e9tica simples\/ espanhol \/ portugu\u00e9s<\/a>[\/vc_column_text][\/vc_column][\/vc_row]<\/p>\n<\/div>","protected":false},"excerpt":{"rendered":"<p>[vc_row][vc_column width=&#8221;2\/3&#8243; el_class=&#8221;central&#8221;][vc_column_text el_class=&#8221;titulo&#8221;] TESAURO DE PSICAN\u00c1LISE [\/vc_column_text][vc_column_text el_class=&#8221;intro&#8221;]A BiViPsi disponibiliza aos usu\u00e1rios, em uma vers\u00e3o bil\u00edngue, a lista alfab\u00e9tica das palavras-chaves do Tesauro de Psican\u00e1lise.[\/vc_column_text][vc_column_text]Por que utilizar o \u00edndice de termos psicanal\u00edticos (palavras-chave) para pesquisar? Seu uso permite encontrar os termos (palavras-chave) que sintetizem adequadamente os documentos, facilitando sua localiza\u00e7\u00e3o no banco de dados. [&hellip;]<\/p>\n","protected":false},"author":2,"featured_media":0,"parent":0,"menu_order":0,"comment_status":"closed","ping_status":"closed","template":"","meta":{"footnotes":""},"categories":[],"tags":[],"class_list":["post-722","page","type-page","status-publish","hentry"],"_links":{"self":[{"href":"https:\/\/bivipsi.org\/pt-br\/wp-json\/wp\/v2\/pages\/722","targetHints":{"allow":["GET"]}}],"collection":[{"href":"https:\/\/bivipsi.org\/pt-br\/wp-json\/wp\/v2\/pages"}],"about":[{"href":"https:\/\/bivipsi.org\/pt-br\/wp-json\/wp\/v2\/types\/page"}],"author":[{"embeddable":true,"href":"https:\/\/bivipsi.org\/pt-br\/wp-json\/wp\/v2\/users\/2"}],"replies":[{"embeddable":true,"href":"https:\/\/bivipsi.org\/pt-br\/wp-json\/wp\/v2\/comments?post=722"}],"version-history":[{"count":4,"href":"https:\/\/bivipsi.org\/pt-br\/wp-json\/wp\/v2\/pages\/722\/revisions"}],"predecessor-version":[{"id":15215,"href":"https:\/\/bivipsi.org\/pt-br\/wp-json\/wp\/v2\/pages\/722\/revisions\/15215"}],"wp:attachment":[{"href":"https:\/\/bivipsi.org\/pt-br\/wp-json\/wp\/v2\/media?parent=722"}],"wp:term":[{"taxonomy":"category","embeddable":true,"href":"https:\/\/bivipsi.org\/pt-br\/wp-json\/wp\/v2\/categories?post=722"},{"taxonomy":"post_tag","embeddable":true,"href":"https:\/\/bivipsi.org\/pt-br\/wp-json\/wp\/v2\/tags?post=722"}],"curies":[{"name":"wp","href":"https:\/\/api.w.org\/{rel}","templated":true}]}}